{"id":5100,"date":"2024-07-04T15:52:49","date_gmt":"2024-07-04T15:52:49","guid":{"rendered":"https:\/\/lexurehub.com\/?page_id=5100"},"modified":"2024-07-04T16:15:04","modified_gmt":"2024-07-04T16:15:04","slug":"vlad-ulici","status":"publish","type":"page","link":"https:\/\/lexurehub.com\/en\/vlad-ulici\/","title":{"rendered":"Vlad Ulici"},"content":{"rendered":"<section data-bb-version=\"4.7.6\" id=\"bt_bb_section69dff3102a1e4\" class=\"bt_bb_section bt_bb_color_scheme_1 bt_bb_layout_boxed_1400 bt_bb_full_screen bt_bb_vertical_align_middle bt_bb_top_spacing_large bt_bb_bottom_spacing_large\" style=\"; --section-primary-color:#ffffff; --section-secondary-color:#191919;\" data-bt-override-class=\"{&quot;bt_bb_top_spacing_&quot;:{&quot;current_class&quot;:&quot;bt_bb_top_spacing_large&quot;,&quot;xxl&quot;:&quot;large&quot;},&quot;bt_bb_bottom_spacing_&quot;:{&quot;current_class&quot;:&quot;bt_bb_bottom_spacing_large&quot;,&quot;xxl&quot;:&quot;large&quot;}}\"><div class=\"bt_bb_background_image_holder_wrapper\"><div class=\"bt_bb_background_image_holder bt_bb_parallax\"  data-parallax=\"0.6\" data-parallax-offset=\"0\" data-parallax-zoom-start=\"1\" data-parallax-zoom-end=\"1\" data-parallax-blur-start=\"0\" data-parallax-blur-end=\"0\" data-parallax-opacity-start=\"1\" data-parallax-opacity-end=\"1\" style=\" background-image:url(&#039;https:\/\/lexurehub.com\/wp-content\/uploads\/2023\/12\/header1.webp&#039;);\"><\/div><\/div><div class=\"bt_bb_port\"><div class=\"bt_bb_cell\"><div class=\"bt_bb_cell_inner\"><div class=\"bt_bb_row_wrapper\"><div  class=\"bt_bb_row\"  data-bt-override-class=\"{}\"><div data-bb-version=\"4.7.6\"  class=\"bt_bb_column col-xl-12 bt_bb_align_left bt_bb_padding_normal bt_bb_animation_fade_in animate\"  data-width=\"12\" data-bt-override-class=\"{&quot;bt_bb_align_&quot;:{&quot;current_class&quot;:&quot;bt_bb_align_left&quot;,&quot;xxl&quot;:&quot;left&quot;},&quot;bt_bb_padding_&quot;:{&quot;current_class&quot;:&quot;bt_bb_padding_normal&quot;,&quot;xxl&quot;:&quot;normal&quot;}}\"><div class=\"bt_bb_column_content bt_bb_vertical_align_middle bt_bb_color_scheme_\"><div class=\"bt_bb_column_content_inner\"><div data-bb-version=\"4.7.6\" class=\"bt_bb_content_slider bt_bb_gap_no_gap bt_bb_arrows_size_no_arrows bt_bb_show_dots_on_side bt_bb_height_keep-height bt_bb_animation_fade bt_bb_animation_fade animate bt_bb_dots_shape_line bt_bb_dots_color_scheme_6\" style=\"; --dots-primary-color:#ffffff; --dots-secondary-color:#1e4c67;\" data-bt-override-class=\"{}\"><div class=\"slick-slider fade\"  data-slick='{ \"lazyLoad\": \"progressive\", \"cssEase\": \"ease-out\", \"speed\": \"600\", \"accessibility\": false, \"fade\": true, \"arrows\": false, \"dots\": true,\"autoplay\": true, \"autoplaySpeed\": 3000,\"pauseOnHover\": false}' ><div class=\"bt_bb_content_slider_item\"><div class=\"bt_bb_content_slider_item_content content\"><div class=\"bt_bb_separator bt_bb_border_style_none bt_bb_bottom_spacing_medium\" data-bt-override-class=\"null\"><\/div><div class=\"bt_bb_row_wrapper\"><div  class=\"bt_bb_row_inner\"  data-bt-override-class=\"{}\"><div  class=\"bt_bb_column_inner col-xl-12 bt_bb_align_left bt_bb_vertical_align_top bt_bb_padding_normal bt_bb_animation_fade_in bt_bb_animation_move_up animate\"  data-width=\"12\" data-bt-override-class=\"{}\"><div class=\"bt_bb_column_inner_content\"><header data-bb-version=\"4.8.4\" class=\"bt_bb_headline bt_bb_subheadline_text_transform_default bt_bb_dash_none bt_bb_superheadline bt_bb_size_extralarge bt_bb_align_inherit\" style=\"max-width: 870px;\" data-bt-override-class=\"{&quot;bt_bb_size_&quot;:{&quot;current_class&quot;:&quot;bt_bb_size_extralarge&quot;,&quot;xxl&quot;:&quot;extralarge&quot;,&quot;xl&quot;:&quot;extralarge&quot;,&quot;lg&quot;:&quot;large&quot;,&quot;md&quot;:&quot;normal&quot;,&quot;sm&quot;:&quot;normal&quot;,&quot;xs&quot;:&quot;normal&quot;},&quot;bt_bb_align_&quot;:{&quot;current_class&quot;:&quot;bt_bb_align_inherit&quot;,&quot;xxl&quot;:&quot;inherit&quot;}}\"><h1 class=\"bt_bb_headline_tag\"><span class=\"bt_bb_headline_superheadline\">Vlad Ulici<\/span><span class=\"bt_bb_headline_content\"><span>Master\u2019s degree in Criminal sciences and forensics<\/span><\/span><\/h1><\/header><\/div><\/div><\/div><\/div><div class=\"bt_bb_separator bt_bb_border_style_none bt_bb_bottom_spacing_medium\" data-bt-override-class=\"null\"><\/div><\/div><\/div><\/div><\/div><\/div><\/div><\/div><\/div><\/div><\/div><!-- cell_inner --><\/div><!-- cell --><\/div><!-- port --><\/section><section data-bb-version=\"4.7.6\" id=\"bt_bb_section69dff3102a566\" class=\"bt_bb_section bt_bb_layout_boxed_1400 bt_bb_vertical_align_top bt_bb_top_spacing_ bt_bb_bottom_spacing_ bt_bb_negative_margin_large\"  data-bt-override-class=\"{&quot;bt_bb_top_spacing_&quot;:{&quot;current_class&quot;:&quot;bt_bb_top_spacing_&quot;,&quot;xxl&quot;:&quot;&quot;},&quot;bt_bb_bottom_spacing_&quot;:{&quot;current_class&quot;:&quot;bt_bb_bottom_spacing_&quot;,&quot;xxl&quot;:&quot;&quot;}}\"><div class=\"bt_bb_port\"><div class=\"bt_bb_cell\"><div class=\"bt_bb_cell_inner\"><div class=\"bt_bb_row_wrapper\"><div  class=\"bt_bb_row bt_bb_layout_special btOverlapRight\"  data-bt-override-class=\"{}\"><div data-bb-version=\"4.8.4\"  class=\"bt_bb_column col-xl-6 bt_bb_align_left bt_bb_padding_normal bt_bb_hidden_xs bt_bb_hidden_ms bt_bb_hidden_sm\"  data-width=\"6\" data-bt-override-class=\"{&quot;bt_bb_align_&quot;:{&quot;current_class&quot;:&quot;bt_bb_align_left&quot;,&quot;xxl&quot;:&quot;left&quot;},&quot;bt_bb_padding_&quot;:{&quot;current_class&quot;:&quot;bt_bb_padding_normal&quot;,&quot;xxl&quot;:&quot;normal&quot;}}\"><div class=\"bt_bb_column_content bt_bb_vertical_align_top bt_bb_color_scheme_ btLazyLoadBackground bt_bb_column_background_image\" style=\"background-image:url(&#039;https:\/\/lexurehub.com\/wp-content\/plugins\/bold-page-builder\/img\/blank.gif&#039;);\" data-background_image_src='https:\/\/lexurehub.com\/wp-content\/uploads\/ulici.jpg'><div class=\"bt_bb_column_content_inner\"><\/div><\/div><\/div><div data-bb-version=\"4.7.6\"  class=\"bt_bb_column col-xl-6 btWithIcon bt_bb_align_left bt_bb_icon_color_scheme_6 bt_bb_padding_normal bt_bb_animation_fade_in animate\" style=\"; --column-icon-primary-color:#ffffff; --column-icon-secondary-color:#1e4c67;\" data-width=\"6\" data-bt-override-class=\"{&quot;bt_bb_align_&quot;:{&quot;current_class&quot;:&quot;bt_bb_align_left&quot;,&quot;xxl&quot;:&quot;left&quot;},&quot;bt_bb_padding_&quot;:{&quot;current_class&quot;:&quot;bt_bb_padding_normal&quot;,&quot;xxl&quot;:&quot;normal&quot;}}\"><div class=\"bt_bb_column_content bt_bb_vertical_align_top bt_bb_color_scheme_\"><div class=\"bt_bb_column_icon\"><span  data-ico-icon7stroke=\"&#xe68f;\" class=\"bt_bb_icon_holder\"><\/span><\/div><div class=\"bt_bb_column_content_inner\"><header data-bb-version=\"4.8.4\" class=\"bt_bb_headline bt_bb_subheadline_text_transform_default bt_bb_color_scheme_14 bt_bb_dash_none bt_bb_size_medium bt_bb_align_inherit\" style=\"; --primary-color:#2a2933; --secondary-color:#1e4c67;\" data-bt-override-class=\"{&quot;bt_bb_size_&quot;:{&quot;current_class&quot;:&quot;bt_bb_size_medium&quot;,&quot;xxl&quot;:&quot;medium&quot;},&quot;bt_bb_align_&quot;:{&quot;current_class&quot;:&quot;bt_bb_align_inherit&quot;,&quot;xxl&quot;:&quot;inherit&quot;}}\"><h3 class=\"bt_bb_headline_tag\"><span class=\"bt_bb_headline_content\"><span>VLAD ULICI<\/span><\/span><\/h3><\/header><div data-bb-version=\"4.8.4\" class=\"bt_bb_separator bt_bb_border_style_solid bt_bb_top_spacing_normal bt_bb_bottom_spacing_small bt_bb_hidden_md bt_bb_hidden_lg bt_bb_hidden_xl bt_bb_color_dark\" data-bt-override-class=\"{&quot;bt_bb_top_spacing_&quot;:{&quot;current_class&quot;:&quot;bt_bb_top_spacing_normal&quot;,&quot;xxl&quot;:&quot;normal&quot;},&quot;bt_bb_bottom_spacing_&quot;:{&quot;current_class&quot;:&quot;bt_bb_bottom_spacing_small&quot;,&quot;xxl&quot;:&quot;small&quot;}}\"><\/div><div data-bb-version=\"4.8.4\" class=\"bt_bb_image bt_bb_shape_square bt_bb_target_self bt_bb_align_center bt_bb_hover_style_simple bt_bb_content_display_always bt_bb_content_align_middle bt_bb_hidden_md bt_bb_hidden_lg bt_bb_hidden_xl\" style=\"height:400; overflow: hidden;\" data-bt-override-class=\"{&quot;bt_bb_align_&quot;:{&quot;current_class&quot;:&quot;bt_bb_align_center&quot;,&quot;xxl&quot;:&quot;center&quot;},&quot;bt_bb_content_display_&quot;:{&quot;current_class&quot;:&quot;bt_bb_content_display_always&quot;,&quot;xxl&quot;:&quot;always&quot;}}\"><span><img loading=\"lazy\" decoding=\"async\" width=\"531\" height=\"797\" src=\"https:\/\/lexurehub.com\/wp-content\/uploads\/ulici.jpg\" class=\"attachment-full size-full\" alt=\"https:\/\/lexurehub.com\/wp-content\/uploads\/ulici.jpg\" data-full_image_src=\"https:\/\/lexurehub.com\/wp-content\/uploads\/ulici.jpg\" title=\"Vlad Ulici\" srcset=\"https:\/\/lexurehub.com\/wp-content\/uploads\/ulici.jpg 531w, https:\/\/lexurehub.com\/wp-content\/uploads\/ulici-8x12.jpg 8w, https:\/\/lexurehub.com\/wp-content\/uploads\/ulici-320x480.jpg 320w\" sizes=\"auto, (max-width: 531px) 100vw, 531px\" \/><\/span><\/div><div class=\"bt_bb_separator bt_bb_border_style_solid bt_bb_top_spacing_normal bt_bb_bottom_spacing_normal bt_bb_color_dark\" data-bt-override-class=\"null\"><\/div><div class=\"bt_bb_row_wrapper\"><div  class=\"bt_bb_row_inner\"  data-bt-override-class=\"{}\"><div  class=\"bt_bb_column_inner col-xl-6 col-xs-12 col-sm-6 col-md-6 col-lg-6 bt_bb_align_left bt_bb_vertical_align_top bt_bb_padding_normal\"  data-width=\"6\" data-bt-override-class=\"{}\"><div class=\"bt_bb_column_inner_content\"><div data-bb-version=\"4.8.4\" class=\"bt_bb_service bt_bb_color_scheme_14 bt_bb_style_borderless bt_bb_size_xsmall bt_bb_shape_square bt_bb_align_left bt_bb_title_color_scheme_13\" style=\"; --service-primary-color:#2a2933; --service-secondary-color:#1e4c67;; --service-title-primary-color:#1e4c67; --service-title-secondary-color:#2a2933;\"><span  data-ico-icon7stroke=\"&#xe63b;\" class=\"bt_bb_icon_holder\"><\/span><div class=\"bt_bb_service_content\"><div class=\"bt_bb_service_content_text\">vlad.ulici@lexurehub.com<\/div><\/div><\/div><div class=\"bt_bb_separator bt_bb_border_style_none bt_bb_bottom_spacing_normal bt_bb_hidden_md bt_bb_hidden_lg\" data-bt-override-class=\"null\"><\/div><\/div><\/div><div  class=\"bt_bb_column_inner col-xl-6 col-xs-12 col-sm-6 col-md-6 col-lg-6 bt_bb_align_left bt_bb_vertical_align_top bt_bb_padding_normal\"  data-width=\"6\" data-bt-override-class=\"{}\"><div class=\"bt_bb_column_inner_content\"><div data-bb-version=\"4.8.4\" class=\"bt_bb_service bt_bb_color_scheme_14 bt_bb_style_borderless bt_bb_size_xsmall bt_bb_shape_square bt_bb_align_left bt_bb_title_color_scheme_13\" style=\"; --service-primary-color:#2a2933; --service-secondary-color:#1e4c67;; --service-title-primary-color:#1e4c67; --service-title-secondary-color:#2a2933;\"><span  data-ico-dripicons=\"&#xe941;\" class=\"bt_bb_icon_holder\"><\/span><div class=\"bt_bb_service_content\"><div class=\"bt_bb_service_content_text\">+40 741 132 923<\/div><\/div><\/div><\/div><\/div><\/div><\/div><div class=\"bt_bb_separator bt_bb_border_style_solid bt_bb_top_spacing_normal bt_bb_bottom_spacing_normal bt_bb_color_dark\" data-bt-override-class=\"null\"><\/div><div  class=\"bt_bb_text\" ><p>Vlad este avocat \u00een Baroul Cluj din anul 2023. A absolvit Facultatea de Drept din cadrul Universit\u0103\u021bii Babe\u0219-Bolyai din Cluj-Napoca, cu lucrarea de licen\u021b\u0103 intitulat\u0103 \u201eAbuzul \u00een serviciu comis de c\u0103tre func\u021bionarul privat\u201d. Pe parcursul anilor de studiu a participat la numeroase concursuri locale \u0219i na\u021bionale \u00een ramura dreptului penal, unde a avut rezultate deosebite. Acesta a ales s\u0103-\u0219i continue studiile la Universitatea Babe\u0219-Bolyai din Cluj-Napoca, urm\u00e2nd cursurile de masterat ale facult\u0103\u021bii, la specializarea \u201e\u0218tiin\u021be penale \u0219i criminalistic\u0103\u201d. Actualmente este absolvent al acestei specializ\u0103ri, cu lucrarea de diserta\u021bie intitulat\u0103 \u201eInfrac\u021biunea de folosire de acte nereale la autoritatea vamal\u0103\u201d.<\/p>\n<p>Entuziasmul cu privire la activitatea teoretic\u0103 \u0219i de cercetare \u00een ramura dreptului penal \u0219i a dreptului procesual penal l-a f\u0103cut s\u0103 aleag\u0103 profesia de avocat. Prin prisma acesteia are un num\u0103r semnificativ de oportunit\u0103\u021bi de se dezvolta profesional \u0219i de a g\u0103si echilibrul \u00eentre pasiunea teoretic\u0103 \u0219i cea practic\u0103, av\u00e2nd mereu ca prioritatea protejarea intereselor legitime ale clien\u021bilor pe care \u00eei reprezint\u0103.<\/p>\n<p>\u00cen 2024 a publicat articolul \u201eLimitele \u0219i implica\u021biile practice ale dreptului martorului la t\u0103cere \u0219i neautoincriminare\u201d \u00een Revista Penalmente Relevant nr. 2\/2023.<\/p>\n<p><strong>Expertise: <\/strong>criminalitate informatic\u0103; white-collar crime;<\/p>\n<\/div><div class=\"bt_bb_separator bt_bb_border_style_none bt_bb_bottom_spacing_normal\" data-bt-override-class=\"null\"><\/div><\/div><\/div><\/div><\/div><\/div><\/div><!-- cell_inner --><\/div><!-- cell --><\/div><!-- port --><\/section>","protected":false},"excerpt":{"rendered":"","protected":false},"author":1,"featured_media":0,"parent":0,"menu_order":0,"comment_status":"closed","ping_status":"closed","template":"","meta":{"footnotes":""},"class_list":["post-5100","page","type-page","status-publish","hentry"],"yoast_head":"<!-- This site is optimized with the Yoast SEO plugin v22.1 - https:\/\/yoast.com\/wordpress\/plugins\/seo\/ -->\n<title>Vlad Ulici ~ Lexure<\/title>\n<meta name=\"description\" content=\"Vlad este avocat \u00een Baroul Cluj din anul 2023. A absolvit Facultatea de Drept din cadrul Universit\u0103\u021bii Babe\u0219-Bolyai din Cluj-Napoca, cu lucrarea de licen\u021b\u0103 intitulat\u0103 \u201eAbuzul \u00een serviciu comis de c\u0103tre func\u021bionarul privat\u201d.\" \/>\n<meta name=\"robots\" content=\"index, follow, max-snippet:-1, max-image-preview:large, max-video-preview:-1\" \/>\n<link rel=\"canonical\" href=\"https:\/\/lexurehub.com\/en\/vlad-ulici\/\" \/>\n<meta property=\"og:locale\" content=\"en_GB\" \/>\n<meta property=\"og:type\" content=\"article\" \/>\n<meta property=\"og:title\" content=\"avocat Vlad Ulici\" \/>\n<meta property=\"og:description\" content=\"Vlad este avocat \u00een Baroul Cluj din anul 2023. A absolvit Facultatea de Drept din cadrul Universit\u0103\u021bii Babe\u0219-Bolyai din Cluj-Napoca, cu lucrarea de licen\u021b\u0103 intitulat\u0103 \u201eAbuzul \u00een serviciu comis de c\u0103tre func\u021bionarul privat\u201d.\" \/>\n<meta property=\"og:url\" content=\"https:\/\/lexurehub.com\/en\/vlad-ulici\/\" \/>\n<meta property=\"og:site_name\" content=\"Lexure\" \/>\n<meta property=\"article:modified_time\" content=\"2024-07-04T16:15:04+00:00\" \/>\n<meta property=\"og:image\" content=\"https:\/\/lexurehub.com\/wp-content\/uploads\/2023\/12\/header1.webp\" \/>\n\t<meta property=\"og:image:width\" content=\"1792\" \/>\n\t<meta property=\"og:image:height\" content=\"1024\" \/>\n\t<meta property=\"og:image:type\" content=\"image\/webp\" \/>\n<meta name=\"twitter:card\" content=\"summary_large_image\" \/>\n<meta name=\"twitter:label1\" content=\"Estimated reading time\" \/>\n\t<meta name=\"twitter:data1\" content=\"3 minutes\" \/>\n<script type=\"application\/ld+json\" class=\"yoast-schema-graph\">{\"@context\":\"https:\/\/schema.org\",\"@graph\":[{\"@type\":\"WebPage\",\"@id\":\"https:\/\/lexurehub.com\/vlad-ulici\/\",\"url\":\"https:\/\/lexurehub.com\/vlad-ulici\/\",\"name\":\"Vlad Ulici ~ Lexure\",\"isPartOf\":{\"@id\":\"https:\/\/lexurehub.com\/#website\"},\"datePublished\":\"2024-07-04T15:52:49+00:00\",\"dateModified\":\"2024-07-04T16:15:04+00:00\",\"description\":\"Vlad este avocat \u00een Baroul Cluj din anul 2023. A absolvit Facultatea de Drept din cadrul Universit\u0103\u021bii Babe\u0219-Bolyai din Cluj-Napoca, cu lucrarea de licen\u021b\u0103 intitulat\u0103 \u201eAbuzul \u00een serviciu comis de c\u0103tre func\u021bionarul privat\u201d.\",\"breadcrumb\":{\"@id\":\"https:\/\/lexurehub.com\/vlad-ulici\/#breadcrumb\"},\"inLanguage\":\"en-GB\",\"potentialAction\":[{\"@type\":\"ReadAction\",\"target\":[\"https:\/\/lexurehub.com\/vlad-ulici\/\"]}]},{\"@type\":\"BreadcrumbList\",\"@id\":\"https:\/\/lexurehub.com\/vlad-ulici\/#breadcrumb\",\"itemListElement\":[{\"@type\":\"ListItem\",\"position\":1,\"name\":\"Lexure\",\"item\":\"https:\/\/lexurehub.com\/\"},{\"@type\":\"ListItem\",\"position\":2,\"name\":\"Vlad Ulici\"}]},{\"@type\":\"WebSite\",\"@id\":\"https:\/\/lexurehub.com\/#website\",\"url\":\"https:\/\/lexurehub.com\/\",\"name\":\"Lexure\",\"description\":\"\",\"publisher\":{\"@id\":\"https:\/\/lexurehub.com\/#organization\"},\"potentialAction\":[{\"@type\":\"SearchAction\",\"target\":{\"@type\":\"EntryPoint\",\"urlTemplate\":\"https:\/\/lexurehub.com\/?s={search_term_string}\"},\"query-input\":\"required name=search_term_string\"}],\"inLanguage\":\"en-GB\"},{\"@type\":\"Organization\",\"@id\":\"https:\/\/lexurehub.com\/#organization\",\"name\":\"Lexure\",\"url\":\"https:\/\/lexurehub.com\/\",\"logo\":{\"@type\":\"ImageObject\",\"inLanguage\":\"en-GB\",\"@id\":\"https:\/\/lexurehub.com\/#\/schema\/logo\/image\/\",\"url\":\"https:\/\/lexurehub.com\/wp-content\/uploads\/2023\/12\/Lexure-negru.png\",\"contentUrl\":\"https:\/\/lexurehub.com\/wp-content\/uploads\/2023\/12\/Lexure-negru.png\",\"width\":300,\"height\":120,\"caption\":\"Lexure\"},\"image\":{\"@id\":\"https:\/\/lexurehub.com\/#\/schema\/logo\/image\/\"}}]}<\/script>\n<!-- \/ Yoast SEO plugin. -->","yoast_head_json":{"title":"Vlad Ulici ~ Lexure","description":"Vlad este avocat \u00een Baroul Cluj din anul 2023. A absolvit Facultatea de Drept din cadrul Universit\u0103\u021bii Babe\u0219-Bolyai din Cluj-Napoca, cu lucrarea de licen\u021b\u0103 intitulat\u0103 \u201eAbuzul \u00een serviciu comis de c\u0103tre func\u021bionarul privat\u201d.","robots":{"index":"index","follow":"follow","max-snippet":"max-snippet:-1","max-image-preview":"max-image-preview:large","max-video-preview":"max-video-preview:-1"},"canonical":"https:\/\/lexurehub.com\/en\/vlad-ulici\/","og_locale":"en_GB","og_type":"article","og_title":"avocat Vlad Ulici","og_description":"Vlad este avocat \u00een Baroul Cluj din anul 2023. A absolvit Facultatea de Drept din cadrul Universit\u0103\u021bii Babe\u0219-Bolyai din Cluj-Napoca, cu lucrarea de licen\u021b\u0103 intitulat\u0103 \u201eAbuzul \u00een serviciu comis de c\u0103tre func\u021bionarul privat\u201d.","og_url":"https:\/\/lexurehub.com\/en\/vlad-ulici\/","og_site_name":"Lexure","article_modified_time":"2024-07-04T16:15:04+00:00","og_image":[{"width":1792,"height":1024,"url":"https:\/\/lexurehub.com\/wp-content\/uploads\/2023\/12\/header1.webp","type":"image\/webp"}],"twitter_card":"summary_large_image","twitter_misc":{"Estimated reading time":"3 minutes"},"schema":{"@context":"https:\/\/schema.org","@graph":[{"@type":"WebPage","@id":"https:\/\/lexurehub.com\/vlad-ulici\/","url":"https:\/\/lexurehub.com\/vlad-ulici\/","name":"Vlad Ulici ~ Lexure","isPartOf":{"@id":"https:\/\/lexurehub.com\/#website"},"datePublished":"2024-07-04T15:52:49+00:00","dateModified":"2024-07-04T16:15:04+00:00","description":"Vlad este avocat \u00een Baroul Cluj din anul 2023. A absolvit Facultatea de Drept din cadrul Universit\u0103\u021bii Babe\u0219-Bolyai din Cluj-Napoca, cu lucrarea de licen\u021b\u0103 intitulat\u0103 \u201eAbuzul \u00een serviciu comis de c\u0103tre func\u021bionarul privat\u201d.","breadcrumb":{"@id":"https:\/\/lexurehub.com\/vlad-ulici\/#breadcrumb"},"inLanguage":"en-GB","potentialAction":[{"@type":"ReadAction","target":["https:\/\/lexurehub.com\/vlad-ulici\/"]}]},{"@type":"BreadcrumbList","@id":"https:\/\/lexurehub.com\/vlad-ulici\/#breadcrumb","itemListElement":[{"@type":"ListItem","position":1,"name":"Lexure","item":"https:\/\/lexurehub.com\/"},{"@type":"ListItem","position":2,"name":"Vlad Ulici"}]},{"@type":"WebSite","@id":"https:\/\/lexurehub.com\/#website","url":"https:\/\/lexurehub.com\/","name":"Lexure","description":"","publisher":{"@id":"https:\/\/lexurehub.com\/#organization"},"potentialAction":[{"@type":"SearchAction","target":{"@type":"EntryPoint","urlTemplate":"https:\/\/lexurehub.com\/?s={search_term_string}"},"query-input":"required name=search_term_string"}],"inLanguage":"en-GB"},{"@type":"Organization","@id":"https:\/\/lexurehub.com\/#organization","name":"Lexure","url":"https:\/\/lexurehub.com\/","logo":{"@type":"ImageObject","inLanguage":"en-GB","@id":"https:\/\/lexurehub.com\/#\/schema\/logo\/image\/","url":"https:\/\/lexurehub.com\/wp-content\/uploads\/2023\/12\/Lexure-negru.png","contentUrl":"https:\/\/lexurehub.com\/wp-content\/uploads\/2023\/12\/Lexure-negru.png","width":300,"height":120,"caption":"Lexure"},"image":{"@id":"https:\/\/lexurehub.com\/#\/schema\/logo\/image\/"}}]}},"_links":{"self":[{"href":"https:\/\/lexurehub.com\/en\/wp-json\/wp\/v2\/pages\/5100","targetHints":{"allow":["GET"]}}],"collection":[{"href":"https:\/\/lexurehub.com\/en\/wp-json\/wp\/v2\/pages"}],"about":[{"href":"https:\/\/lexurehub.com\/en\/wp-json\/wp\/v2\/types\/page"}],"author":[{"embeddable":true,"href":"https:\/\/lexurehub.com\/en\/wp-json\/wp\/v2\/users\/1"}],"replies":[{"embeddable":true,"href":"https:\/\/lexurehub.com\/en\/wp-json\/wp\/v2\/comments?post=5100"}],"version-history":[{"count":4,"href":"https:\/\/lexurehub.com\/en\/wp-json\/wp\/v2\/pages\/5100\/revisions"}],"predecessor-version":[{"id":5105,"href":"https:\/\/lexurehub.com\/en\/wp-json\/wp\/v2\/pages\/5100\/revisions\/5105"}],"wp:attachment":[{"href":"https:\/\/lexurehub.com\/en\/wp-json\/wp\/v2\/media?parent=5100"}],"curies":[{"name":"wp","href":"https:\/\/api.w.org\/{rel}","templated":true}]}}