{"id":4964,"date":"2024-01-28T18:38:53","date_gmt":"2024-01-28T18:38:53","guid":{"rendered":"https:\/\/lexurehub.com\/?page_id=4964"},"modified":"2024-02-27T09:20:29","modified_gmt":"2024-02-27T09:20:29","slug":"alexis-roman","status":"publish","type":"page","link":"https:\/\/lexurehub.com\/en\/alexis-roman\/","title":{"rendered":"Alexis Roman"},"content":{"rendered":"<section data-bb-version=\"4.7.6\" id=\"bt_bb_section69f8c986dffb6\" class=\"bt_bb_section bt_bb_color_scheme_1 bt_bb_layout_boxed_1400 bt_bb_full_screen bt_bb_vertical_align_middle bt_bb_top_spacing_large bt_bb_bottom_spacing_large\" style=\"; --section-primary-color:#ffffff; --section-secondary-color:#191919;\" data-bt-override-class=\"{&quot;bt_bb_top_spacing_&quot;:{&quot;current_class&quot;:&quot;bt_bb_top_spacing_large&quot;,&quot;xxl&quot;:&quot;large&quot;},&quot;bt_bb_bottom_spacing_&quot;:{&quot;current_class&quot;:&quot;bt_bb_bottom_spacing_large&quot;,&quot;xxl&quot;:&quot;large&quot;}}\"><div class=\"bt_bb_background_image_holder_wrapper\"><div class=\"bt_bb_background_image_holder bt_bb_parallax\"  data-parallax=\"0.6\" data-parallax-offset=\"0\" data-parallax-zoom-start=\"1\" data-parallax-zoom-end=\"1\" data-parallax-blur-start=\"0\" data-parallax-blur-end=\"0\" data-parallax-opacity-start=\"1\" data-parallax-opacity-end=\"1\" style=\" background-image:url(&#039;https:\/\/lexurehub.com\/wp-content\/uploads\/2023\/12\/header1.webp&#039;);\"><\/div><\/div><div class=\"bt_bb_port\"><div class=\"bt_bb_cell\"><div class=\"bt_bb_cell_inner\"><div class=\"bt_bb_row_wrapper\"><div  class=\"bt_bb_row\"  data-bt-override-class=\"{}\"><div data-bb-version=\"4.7.6\"  class=\"bt_bb_column col-xl-12 bt_bb_align_left bt_bb_padding_normal bt_bb_animation_fade_in animate\"  data-width=\"12\" data-bt-override-class=\"{&quot;bt_bb_align_&quot;:{&quot;current_class&quot;:&quot;bt_bb_align_left&quot;,&quot;xxl&quot;:&quot;left&quot;},&quot;bt_bb_padding_&quot;:{&quot;current_class&quot;:&quot;bt_bb_padding_normal&quot;,&quot;xxl&quot;:&quot;normal&quot;}}\"><div class=\"bt_bb_column_content bt_bb_vertical_align_middle bt_bb_color_scheme_\"><div class=\"bt_bb_column_content_inner\"><div data-bb-version=\"4.7.6\" class=\"bt_bb_content_slider bt_bb_gap_no_gap bt_bb_arrows_size_no_arrows bt_bb_show_dots_on_side bt_bb_height_keep-height bt_bb_animation_fade bt_bb_animation_fade animate bt_bb_dots_shape_line bt_bb_dots_color_scheme_6\" style=\"; --dots-primary-color:#ffffff; --dots-secondary-color:#1e4c67;\" data-bt-override-class=\"{}\"><div class=\"slick-slider fade\"  data-slick='{ \"lazyLoad\": \"progressive\", \"cssEase\": \"ease-out\", \"speed\": \"600\", \"accessibility\": false, \"fade\": true, \"arrows\": false, \"dots\": true,\"autoplay\": true, \"autoplaySpeed\": 3000,\"pauseOnHover\": false}' ><div class=\"bt_bb_content_slider_item\"><div class=\"bt_bb_content_slider_item_content content\"><div class=\"bt_bb_separator bt_bb_border_style_none bt_bb_bottom_spacing_medium\" data-bt-override-class=\"null\"><\/div><div class=\"bt_bb_row_wrapper\"><div  class=\"bt_bb_row_inner\"  data-bt-override-class=\"{}\"><div  class=\"bt_bb_column_inner col-xl-12 bt_bb_align_left bt_bb_vertical_align_top bt_bb_padding_normal bt_bb_animation_fade_in bt_bb_animation_move_up animate\"  data-width=\"12\" data-bt-override-class=\"{}\"><div class=\"bt_bb_column_inner_content\"><header data-bb-version=\"4.7.6\" class=\"bt_bb_headline bt_bb_subheadline_text_transform_default bt_bb_dash_none bt_bb_superheadline bt_bb_size_extralarge bt_bb_align_inherit\" style=\"max-width: 870px;\" data-bt-override-class=\"{&quot;bt_bb_size_&quot;:{&quot;current_class&quot;:&quot;bt_bb_size_extralarge&quot;,&quot;xxl&quot;:&quot;extralarge&quot;},&quot;bt_bb_align_&quot;:{&quot;current_class&quot;:&quot;bt_bb_align_inherit&quot;,&quot;xxl&quot;:&quot;inherit&quot;}}\"><h1 class=\"bt_bb_headline_tag\"><span class=\"bt_bb_headline_superheadline\">Alexis Roman<\/span><span class=\"bt_bb_headline_content\"><span>Avocat specializat \u00een white-collar crime \u0219i drept procesual penal<\/span><\/span><\/h1><\/header><\/div><\/div><\/div><\/div><div class=\"bt_bb_separator bt_bb_border_style_none bt_bb_bottom_spacing_medium\" data-bt-override-class=\"null\"><\/div><\/div><\/div><\/div><\/div><\/div><\/div><\/div><\/div><\/div><\/div><!-- cell_inner --><\/div><!-- cell --><\/div><!-- port --><\/section><section data-bb-version=\"4.7.6\" id=\"bt_bb_section69f8c986e057e\" class=\"bt_bb_section bt_bb_layout_boxed_1400 bt_bb_vertical_align_top bt_bb_top_spacing_ bt_bb_bottom_spacing_ bt_bb_negative_margin_large\"  data-bt-override-class=\"{&quot;bt_bb_top_spacing_&quot;:{&quot;current_class&quot;:&quot;bt_bb_top_spacing_&quot;,&quot;xxl&quot;:&quot;&quot;},&quot;bt_bb_bottom_spacing_&quot;:{&quot;current_class&quot;:&quot;bt_bb_bottom_spacing_&quot;,&quot;xxl&quot;:&quot;&quot;}}\"><div class=\"bt_bb_port\"><div class=\"bt_bb_cell\"><div class=\"bt_bb_cell_inner\"><div data-bb-version=\"4.7.6\" class=\"bt_bb_row_wrapper\"><div  class=\"bt_bb_row\"  data-bt-override-class=\"{}\"><div data-bb-version=\"4.7.6\"  class=\"bt_bb_column col-xl-6 bt_bb_align_left bt_bb_padding_normal bt_bb_hidden_xs bt_bb_hidden_ms bt_bb_hidden_sm\"  data-width=\"6\" data-bt-override-class=\"{&quot;bt_bb_align_&quot;:{&quot;current_class&quot;:&quot;bt_bb_align_left&quot;,&quot;xxl&quot;:&quot;left&quot;},&quot;bt_bb_padding_&quot;:{&quot;current_class&quot;:&quot;bt_bb_padding_normal&quot;,&quot;xxl&quot;:&quot;normal&quot;}}\"><div class=\"bt_bb_column_content bt_bb_vertical_align_top bt_bb_color_scheme_ btLazyLoadBackground bt_bb_column_background_image\" style=\"background-image:url(&#039;https:\/\/lexurehub.com\/wp-content\/plugins\/bold-page-builder\/img\/blank.gif&#039;);\" data-background_image_src='https:\/\/lexurehub.com\/wp-content\/uploads\/Alexis.jpg'><div class=\"bt_bb_column_content_inner\"><\/div><\/div><\/div><div data-bb-version=\"4.7.6\"  class=\"bt_bb_column col-xl-6 btWithIcon bt_bb_align_left bt_bb_icon_color_scheme_6 bt_bb_padding_normal bt_bb_animation_fade_in animate\" style=\"; --column-icon-primary-color:#ffffff; --column-icon-secondary-color:#1e4c67;\" data-width=\"6\" data-bt-override-class=\"{&quot;bt_bb_align_&quot;:{&quot;current_class&quot;:&quot;bt_bb_align_left&quot;,&quot;xxl&quot;:&quot;left&quot;},&quot;bt_bb_padding_&quot;:{&quot;current_class&quot;:&quot;bt_bb_padding_normal&quot;,&quot;xxl&quot;:&quot;normal&quot;}}\"><div class=\"bt_bb_column_content bt_bb_vertical_align_top bt_bb_color_scheme_\"><div class=\"bt_bb_column_icon\"><span  data-ico-icon7stroke=\"&#xe68f;\" class=\"bt_bb_icon_holder\"><\/span><\/div><div class=\"bt_bb_column_content_inner\"><header data-bb-version=\"4.7.6\" class=\"bt_bb_headline bt_bb_subheadline_text_transform_default bt_bb_color_scheme_14 bt_bb_dash_none bt_bb_size_medium bt_bb_align_inherit\" style=\"; --primary-color:#2a2933; --secondary-color:#1e4c67;\" data-bt-override-class=\"{&quot;bt_bb_size_&quot;:{&quot;current_class&quot;:&quot;bt_bb_size_medium&quot;,&quot;xxl&quot;:&quot;medium&quot;},&quot;bt_bb_align_&quot;:{&quot;current_class&quot;:&quot;bt_bb_align_inherit&quot;,&quot;xxl&quot;:&quot;inherit&quot;}}\"><h3 class=\"bt_bb_headline_tag\"><span class=\"bt_bb_headline_content\"><span>ALEXIS ROMAN<\/span><\/span><\/h3><\/header><div class=\"bt_bb_separator bt_bb_border_style_none bt_bb_bottom_spacing_small\" data-bt-override-class=\"null\"><\/div><header data-bb-version=\"4.7.6\" class=\"bt_bb_headline bt_bb_subheadline_text_transform_default bt_bb_color_scheme_5 bt_bb_dash_none bt_bb_superheadline bt_bb_size_normal bt_bb_align_inherit btNoHeadline\" style=\"; --primary-color:#191919; --secondary-color:#1e4c67;\" data-bt-override-class=\"{&quot;bt_bb_size_&quot;:{&quot;current_class&quot;:&quot;bt_bb_size_normal&quot;,&quot;xxl&quot;:&quot;normal&quot;},&quot;bt_bb_align_&quot;:{&quot;current_class&quot;:&quot;bt_bb_align_inherit&quot;,&quot;xxl&quot;:&quot;inherit&quot;}}\"><h4 class=\"bt_bb_headline_tag\"><span class=\"bt_bb_headline_superheadline\">AVOCAT BAROUL BUCURE\u0218TI<\/span><\/h4><\/header><div class=\"bt_bb_separator bt_bb_border_style_none bt_bb_bottom_spacing_medium\" data-bt-override-class=\"null\"><\/div><div data-bb-version=\"4.8.4\" class=\"bt_bb_image bt_bb_shape_square bt_bb_target_self bt_bb_align_center bt_bb_hover_style_simple bt_bb_content_display_always bt_bb_content_align_middle bt_bb_hidden_md bt_bb_hidden_lg bt_bb_hidden_xl\" style=\"height:400; overflow: hidden;\" data-bt-override-class=\"{&quot;bt_bb_align_&quot;:{&quot;current_class&quot;:&quot;bt_bb_align_center&quot;,&quot;xxl&quot;:&quot;center&quot;},&quot;bt_bb_content_display_&quot;:{&quot;current_class&quot;:&quot;bt_bb_content_display_always&quot;,&quot;xxl&quot;:&quot;always&quot;}}\"><span><img loading=\"lazy\" decoding=\"async\" width=\"533\" height=\"800\" src=\"https:\/\/lexurehub.com\/wp-content\/uploads\/Alexis.jpg\" class=\"attachment-full size-full\" alt=\"https:\/\/lexurehub.com\/wp-content\/uploads\/Alexis.jpg\" data-full_image_src=\"https:\/\/lexurehub.com\/wp-content\/uploads\/Alexis.jpg\" title=\"Alexis\" srcset=\"https:\/\/lexurehub.com\/wp-content\/uploads\/Alexis.jpg 533w, https:\/\/lexurehub.com\/wp-content\/uploads\/Alexis-8x12.jpg 8w, https:\/\/lexurehub.com\/wp-content\/uploads\/Alexis-320x480.jpg 320w\" sizes=\"auto, (max-width: 533px) 100vw, 533px\" \/><\/span><\/div><div class=\"bt_bb_separator bt_bb_border_style_none bt_bb_bottom_spacing_medium\" data-bt-override-class=\"null\"><\/div><div class=\"bt_bb_row_wrapper\"><div  class=\"bt_bb_row_inner\"  data-bt-override-class=\"{}\"><div  class=\"bt_bb_column_inner col-xl-6 col-xs-12 col-sm-6 col-md-6 col-lg-6 bt_bb_align_left bt_bb_vertical_align_top bt_bb_padding_normal\"  data-width=\"6\" data-bt-override-class=\"{}\"><div class=\"bt_bb_column_inner_content\"><div data-bb-version=\"4.7.6\" class=\"bt_bb_service bt_bb_color_scheme_14 bt_bb_style_borderless bt_bb_size_xsmall bt_bb_shape_square bt_bb_align_left bt_bb_title_color_scheme_13\" style=\"; --service-primary-color:#2a2933; --service-secondary-color:#1e4c67;; --service-title-primary-color:#1e4c67; --service-title-secondary-color:#2a2933;\"><span  data-ico-icon7stroke=\"&#xe63b;\" class=\"bt_bb_icon_holder\"><\/span><div class=\"bt_bb_service_content\"><div class=\"bt_bb_service_content_text\">alexis.roman@lexurehub.com<\/div><\/div><\/div><div class=\"bt_bb_separator bt_bb_border_style_none bt_bb_bottom_spacing_normal bt_bb_hidden_md bt_bb_hidden_lg\" data-bt-override-class=\"null\"><\/div><\/div><\/div><div  class=\"bt_bb_column_inner col-xl-6 col-xs-12 col-sm-6 col-md-6 col-lg-6 bt_bb_align_left bt_bb_vertical_align_top bt_bb_padding_normal\"  data-width=\"6\" data-bt-override-class=\"{}\"><div class=\"bt_bb_column_inner_content\"><div data-bb-version=\"4.7.6\" class=\"bt_bb_service bt_bb_color_scheme_14 bt_bb_style_borderless bt_bb_size_xsmall bt_bb_shape_square bt_bb_align_left bt_bb_title_color_scheme_13\" style=\"; --service-primary-color:#2a2933; --service-secondary-color:#1e4c67;; --service-title-primary-color:#1e4c67; --service-title-secondary-color:#2a2933;\"><span  data-ico-dripicons=\"&#xe941;\" class=\"bt_bb_icon_holder\"><\/span><div class=\"bt_bb_service_content\"><div class=\"bt_bb_service_content_text\">+40 790 078 837<\/div><\/div><\/div><\/div><\/div><\/div><\/div><div class=\"bt_bb_separator bt_bb_border_style_solid bt_bb_top_spacing_normal bt_bb_bottom_spacing_normal bt_bb_color_dark\" data-bt-override-class=\"null\"><\/div><div  class=\"bt_bb_text\" ><p>Alexis este avocat \u00een Baroul Bucure\u0219ti din anul 2022. A absolvit Facultatea de Drept din cadrul Universit\u0103\u021bii Babe\u0219-Bolyai din Cluj-Napoca, cu lucrarea de licen\u021b\u0103 \u201e<em>Reguli speciale de investigare a infrac\u021biunilor de criminalitate organizat\u0103<\/em>\u201d, fiind \u00eenc\u0103 de pe b\u0103ncile facult\u0103\u021bii pasionat de drept penal \u0219i drept procesual penal, motiv pentru care \u00een prezent cariera sa este concentrat\u0103 asupra acestor domenii, fiind implicat \u00een multiple cauze de o complexitate ridicat\u0103.<\/p>\n<p>\u00centruc\u00e2t pasiunea pentru dreptul penal este dublat\u0103 de cea pentru psihologie, reu\u0219e\u0219te s\u0103 ofere \u00een mod constant solu\u021bii juridice utile \u0219i abord\u0103ri strategice inovative \u00een cauzele penale \u00een care este implicat. Avocatura i-a oferit un cadru propice pentru a se dezvolta profesional \u0219i personal \u00eentr-un ritm energic, precum \u0219i ocazia de a aduce o contribu\u021bie proprie la reprezentarea eficient\u0103 a intereselor legitime ale clien\u021bilor.<\/p>\n<p>\u00cen 2023 a publicat al\u0103turi de avocat Nicolae-Claudiu Bularda articolul \u201e<em>Violarea vie\u021bii private prev\u0103zut\u0103 de art. 226 alin. (1) \u0219i (5) din Codul Penal. Tipicitatea faptei \u00een cazul plas\u0103rii, f\u0103r\u0103 drept, a unor mijloace tehnice de \u00eenregistrare \u00eentr-o institu\u021bie public\u0103<\/em>\u201d \u00een num\u0103rul 12 al Revistei Dreptul.<\/p>\n<p><strong>Expertise<\/strong>: white-collar crime; drept procesual penal.<\/p>\n<\/div><div class=\"bt_bb_separator bt_bb_border_style_none bt_bb_bottom_spacing_normal\" data-bt-override-class=\"null\"><\/div><\/div><\/div><\/div><\/div><\/div><\/div><!-- cell_inner --><\/div><!-- cell --><\/div><!-- port --><\/section>","protected":false},"excerpt":{"rendered":"","protected":false},"author":1,"featured_media":0,"parent":0,"menu_order":0,"comment_status":"closed","ping_status":"closed","template":"","meta":{"footnotes":""},"class_list":["post-4964","page","type-page","status-publish","hentry"],"yoast_head":"<!-- This site is optimized with the Yoast SEO plugin v22.1 - https:\/\/yoast.com\/wordpress\/plugins\/seo\/ -->\n<title>Alexis Roman ~ Lexure<\/title>\n<meta name=\"description\" content=\"Alexis este avocat \u00een Baroul Bucure\u0219ti din anul 2022. A absolvit Facultatea de Drept din cadrul Universit\u0103\u021bii Babe\u0219-Bolyai din Cluj-Napoca, cu lucrarea de licen\u021b\u0103 \u201eReguli speciale de investigare a infrac\u021biunilor de criminalitate organizat\u0103\u201d.\" \/>\n<meta name=\"robots\" content=\"index, follow, max-snippet:-1, max-image-preview:large, max-video-preview:-1\" \/>\n<link rel=\"canonical\" href=\"https:\/\/lexurehub.com\/en\/alexis-roman\/\" \/>\n<meta property=\"og:locale\" content=\"en_GB\" \/>\n<meta property=\"og:type\" content=\"article\" \/>\n<meta property=\"og:title\" content=\"Avocat Alexis Roman\" \/>\n<meta property=\"og:description\" content=\"Alexis este avocat \u00een Baroul Bucure\u0219ti din anul 2022. A absolvit Facultatea de Drept din cadrul Universit\u0103\u021bii Babe\u0219-Bolyai din Cluj-Napoca, cu lucrarea de licen\u021b\u0103 \u201eReguli speciale de investigare a infrac\u021biunilor de criminalitate organizat\u0103\u201d.\" \/>\n<meta property=\"og:url\" content=\"https:\/\/lexurehub.com\/en\/alexis-roman\/\" \/>\n<meta property=\"og:site_name\" content=\"Lexure\" \/>\n<meta property=\"article:modified_time\" content=\"2024-02-27T09:20:29+00:00\" \/>\n<meta property=\"og:image\" content=\"https:\/\/lexurehub.com\/wp-content\/uploads\/Alexis_1.jpg\" \/>\n\t<meta property=\"og:image:width\" content=\"1200\" \/>\n\t<meta property=\"og:image:height\" content=\"675\" \/>\n\t<meta property=\"og:image:type\" content=\"image\/jpeg\" \/>\n<meta name=\"twitter:card\" content=\"summary_large_image\" \/>\n<meta name=\"twitter:label1\" content=\"Estimated reading time\" \/>\n\t<meta name=\"twitter:data1\" content=\"4 minutes\" \/>\n<script type=\"application\/ld+json\" class=\"yoast-schema-graph\">{\"@context\":\"https:\/\/schema.org\",\"@graph\":[{\"@type\":\"WebPage\",\"@id\":\"https:\/\/lexurehub.com\/alexis-roman\/\",\"url\":\"https:\/\/lexurehub.com\/alexis-roman\/\",\"name\":\"Alexis Roman ~ Lexure\",\"isPartOf\":{\"@id\":\"https:\/\/lexurehub.com\/#website\"},\"datePublished\":\"2024-01-28T18:38:53+00:00\",\"dateModified\":\"2024-02-27T09:20:29+00:00\",\"description\":\"Alexis este avocat \u00een Baroul Bucure\u0219ti din anul 2022. A absolvit Facultatea de Drept din cadrul Universit\u0103\u021bii Babe\u0219-Bolyai din Cluj-Napoca, cu lucrarea de licen\u021b\u0103 \u201eReguli speciale de investigare a infrac\u021biunilor de criminalitate organizat\u0103\u201d.\",\"breadcrumb\":{\"@id\":\"https:\/\/lexurehub.com\/alexis-roman\/#breadcrumb\"},\"inLanguage\":\"en-GB\",\"potentialAction\":[{\"@type\":\"ReadAction\",\"target\":[\"https:\/\/lexurehub.com\/alexis-roman\/\"]}]},{\"@type\":\"BreadcrumbList\",\"@id\":\"https:\/\/lexurehub.com\/alexis-roman\/#breadcrumb\",\"itemListElement\":[{\"@type\":\"ListItem\",\"position\":1,\"name\":\"Lexure\",\"item\":\"https:\/\/lexurehub.com\/\"},{\"@type\":\"ListItem\",\"position\":2,\"name\":\"Alexis Roman\"}]},{\"@type\":\"WebSite\",\"@id\":\"https:\/\/lexurehub.com\/#website\",\"url\":\"https:\/\/lexurehub.com\/\",\"name\":\"Lexure\",\"description\":\"\",\"publisher\":{\"@id\":\"https:\/\/lexurehub.com\/#organization\"},\"potentialAction\":[{\"@type\":\"SearchAction\",\"target\":{\"@type\":\"EntryPoint\",\"urlTemplate\":\"https:\/\/lexurehub.com\/?s={search_term_string}\"},\"query-input\":\"required name=search_term_string\"}],\"inLanguage\":\"en-GB\"},{\"@type\":\"Organization\",\"@id\":\"https:\/\/lexurehub.com\/#organization\",\"name\":\"Lexure\",\"url\":\"https:\/\/lexurehub.com\/\",\"logo\":{\"@type\":\"ImageObject\",\"inLanguage\":\"en-GB\",\"@id\":\"https:\/\/lexurehub.com\/#\/schema\/logo\/image\/\",\"url\":\"https:\/\/lexurehub.com\/wp-content\/uploads\/2023\/12\/Lexure-negru.png\",\"contentUrl\":\"https:\/\/lexurehub.com\/wp-content\/uploads\/2023\/12\/Lexure-negru.png\",\"width\":300,\"height\":120,\"caption\":\"Lexure\"},\"image\":{\"@id\":\"https:\/\/lexurehub.com\/#\/schema\/logo\/image\/\"}}]}<\/script>\n<!-- \/ Yoast SEO plugin. -->","yoast_head_json":{"title":"Alexis Roman ~ Lexure","description":"Alexis este avocat \u00een Baroul Bucure\u0219ti din anul 2022. A absolvit Facultatea de Drept din cadrul Universit\u0103\u021bii Babe\u0219-Bolyai din Cluj-Napoca, cu lucrarea de licen\u021b\u0103 \u201eReguli speciale de investigare a infrac\u021biunilor de criminalitate organizat\u0103\u201d.","robots":{"index":"index","follow":"follow","max-snippet":"max-snippet:-1","max-image-preview":"max-image-preview:large","max-video-preview":"max-video-preview:-1"},"canonical":"https:\/\/lexurehub.com\/en\/alexis-roman\/","og_locale":"en_GB","og_type":"article","og_title":"Avocat Alexis Roman","og_description":"Alexis este avocat \u00een Baroul Bucure\u0219ti din anul 2022. A absolvit Facultatea de Drept din cadrul Universit\u0103\u021bii Babe\u0219-Bolyai din Cluj-Napoca, cu lucrarea de licen\u021b\u0103 \u201eReguli speciale de investigare a infrac\u021biunilor de criminalitate organizat\u0103\u201d.","og_url":"https:\/\/lexurehub.com\/en\/alexis-roman\/","og_site_name":"Lexure","article_modified_time":"2024-02-27T09:20:29+00:00","og_image":[{"width":1200,"height":675,"url":"https:\/\/lexurehub.com\/wp-content\/uploads\/Alexis_1.jpg","type":"image\/jpeg"}],"twitter_card":"summary_large_image","twitter_misc":{"Estimated reading time":"4 minutes"},"schema":{"@context":"https:\/\/schema.org","@graph":[{"@type":"WebPage","@id":"https:\/\/lexurehub.com\/alexis-roman\/","url":"https:\/\/lexurehub.com\/alexis-roman\/","name":"Alexis Roman ~ Lexure","isPartOf":{"@id":"https:\/\/lexurehub.com\/#website"},"datePublished":"2024-01-28T18:38:53+00:00","dateModified":"2024-02-27T09:20:29+00:00","description":"Alexis este avocat \u00een Baroul Bucure\u0219ti din anul 2022. A absolvit Facultatea de Drept din cadrul Universit\u0103\u021bii Babe\u0219-Bolyai din Cluj-Napoca, cu lucrarea de licen\u021b\u0103 \u201eReguli speciale de investigare a infrac\u021biunilor de criminalitate organizat\u0103\u201d.","breadcrumb":{"@id":"https:\/\/lexurehub.com\/alexis-roman\/#breadcrumb"},"inLanguage":"en-GB","potentialAction":[{"@type":"ReadAction","target":["https:\/\/lexurehub.com\/alexis-roman\/"]}]},{"@type":"BreadcrumbList","@id":"https:\/\/lexurehub.com\/alexis-roman\/#breadcrumb","itemListElement":[{"@type":"ListItem","position":1,"name":"Lexure","item":"https:\/\/lexurehub.com\/"},{"@type":"ListItem","position":2,"name":"Alexis Roman"}]},{"@type":"WebSite","@id":"https:\/\/lexurehub.com\/#website","url":"https:\/\/lexurehub.com\/","name":"Lexure","description":"","publisher":{"@id":"https:\/\/lexurehub.com\/#organization"},"potentialAction":[{"@type":"SearchAction","target":{"@type":"EntryPoint","urlTemplate":"https:\/\/lexurehub.com\/?s={search_term_string}"},"query-input":"required name=search_term_string"}],"inLanguage":"en-GB"},{"@type":"Organization","@id":"https:\/\/lexurehub.com\/#organization","name":"Lexure","url":"https:\/\/lexurehub.com\/","logo":{"@type":"ImageObject","inLanguage":"en-GB","@id":"https:\/\/lexurehub.com\/#\/schema\/logo\/image\/","url":"https:\/\/lexurehub.com\/wp-content\/uploads\/2023\/12\/Lexure-negru.png","contentUrl":"https:\/\/lexurehub.com\/wp-content\/uploads\/2023\/12\/Lexure-negru.png","width":300,"height":120,"caption":"Lexure"},"image":{"@id":"https:\/\/lexurehub.com\/#\/schema\/logo\/image\/"}}]}},"_links":{"self":[{"href":"https:\/\/lexurehub.com\/en\/wp-json\/wp\/v2\/pages\/4964","targetHints":{"allow":["GET"]}}],"collection":[{"href":"https:\/\/lexurehub.com\/en\/wp-json\/wp\/v2\/pages"}],"about":[{"href":"https:\/\/lexurehub.com\/en\/wp-json\/wp\/v2\/types\/page"}],"author":[{"embeddable":true,"href":"https:\/\/lexurehub.com\/en\/wp-json\/wp\/v2\/users\/1"}],"replies":[{"embeddable":true,"href":"https:\/\/lexurehub.com\/en\/wp-json\/wp\/v2\/comments?post=4964"}],"version-history":[{"count":4,"href":"https:\/\/lexurehub.com\/en\/wp-json\/wp\/v2\/pages\/4964\/revisions"}],"predecessor-version":[{"id":5083,"href":"https:\/\/lexurehub.com\/en\/wp-json\/wp\/v2\/pages\/4964\/revisions\/5083"}],"wp:attachment":[{"href":"https:\/\/lexurehub.com\/en\/wp-json\/wp\/v2\/media?parent=4964"}],"curies":[{"name":"wp","href":"https:\/\/api.w.org\/{rel}","templated":true}]}}