{"id":4953,"date":"2024-01-28T18:09:26","date_gmt":"2024-01-28T18:09:26","guid":{"rendered":"https:\/\/lexurehub.com\/?page_id=4953"},"modified":"2024-03-02T08:41:07","modified_gmt":"2024-03-02T08:41:07","slug":"ovidiu-predescu","status":"publish","type":"page","link":"https:\/\/lexurehub.com\/en\/ovidiu-predescu\/","title":{"rendered":"Ovidiu Predescu"},"content":{"rendered":"<section data-bb-version=\"4.7.6\" id=\"bt_bb_section6a05d81944d5d\" class=\"bt_bb_section bt_bb_color_scheme_1 bt_bb_layout_boxed_1400 bt_bb_full_screen bt_bb_vertical_align_middle bt_bb_top_spacing_large bt_bb_bottom_spacing_large\" style=\"; --section-primary-color:#ffffff; --section-secondary-color:#191919;\" data-bt-override-class=\"{&quot;bt_bb_top_spacing_&quot;:{&quot;current_class&quot;:&quot;bt_bb_top_spacing_large&quot;,&quot;xxl&quot;:&quot;large&quot;},&quot;bt_bb_bottom_spacing_&quot;:{&quot;current_class&quot;:&quot;bt_bb_bottom_spacing_large&quot;,&quot;xxl&quot;:&quot;large&quot;}}\"><div class=\"bt_bb_background_image_holder_wrapper\"><div class=\"bt_bb_background_image_holder bt_bb_parallax\"  data-parallax=\"0.6\" data-parallax-offset=\"0\" data-parallax-zoom-start=\"1\" data-parallax-zoom-end=\"1\" data-parallax-blur-start=\"0\" data-parallax-blur-end=\"0\" data-parallax-opacity-start=\"1\" data-parallax-opacity-end=\"1\" style=\" background-image:url(&#039;https:\/\/lexurehub.com\/wp-content\/uploads\/2023\/12\/header1.webp&#039;);\"><\/div><\/div><div class=\"bt_bb_port\"><div class=\"bt_bb_cell\"><div class=\"bt_bb_cell_inner\"><div class=\"bt_bb_row_wrapper\"><div  class=\"bt_bb_row\"  data-bt-override-class=\"{}\"><div data-bb-version=\"4.7.6\"  class=\"bt_bb_column col-xl-12 bt_bb_align_left bt_bb_padding_normal bt_bb_animation_fade_in animate\"  data-width=\"12\" data-bt-override-class=\"{&quot;bt_bb_align_&quot;:{&quot;current_class&quot;:&quot;bt_bb_align_left&quot;,&quot;xxl&quot;:&quot;left&quot;},&quot;bt_bb_padding_&quot;:{&quot;current_class&quot;:&quot;bt_bb_padding_normal&quot;,&quot;xxl&quot;:&quot;normal&quot;}}\"><div class=\"bt_bb_column_content bt_bb_vertical_align_middle bt_bb_color_scheme_\"><div class=\"bt_bb_column_content_inner\"><div data-bb-version=\"4.7.6\" class=\"bt_bb_content_slider bt_bb_gap_no_gap bt_bb_arrows_size_no_arrows bt_bb_show_dots_on_side bt_bb_height_keep-height bt_bb_animation_fade bt_bb_animation_fade animate bt_bb_dots_shape_line bt_bb_dots_color_scheme_6\" style=\"; --dots-primary-color:#ffffff; --dots-secondary-color:#1e4c67;\" data-bt-override-class=\"{}\"><div class=\"slick-slider fade\"  data-slick='{ \"lazyLoad\": \"progressive\", \"cssEase\": \"ease-out\", \"speed\": \"600\", \"accessibility\": false, \"fade\": true, \"arrows\": false, \"dots\": true,\"autoplay\": true, \"autoplaySpeed\": 3000,\"pauseOnHover\": false}' ><div class=\"bt_bb_content_slider_item\"><div class=\"bt_bb_content_slider_item_content content\"><div class=\"bt_bb_separator bt_bb_border_style_none bt_bb_bottom_spacing_medium\" data-bt-override-class=\"null\"><\/div><div class=\"bt_bb_row_wrapper\"><div  class=\"bt_bb_row_inner\"  data-bt-override-class=\"{}\"><div  class=\"bt_bb_column_inner col-xl-12 bt_bb_align_left bt_bb_vertical_align_top bt_bb_padding_normal bt_bb_animation_fade_in bt_bb_animation_move_up animate\"  data-width=\"12\" data-bt-override-class=\"{}\"><div class=\"bt_bb_column_inner_content\"><header data-bb-version=\"4.7.6\" class=\"bt_bb_headline bt_bb_subheadline_text_transform_default bt_bb_dash_none bt_bb_superheadline bt_bb_size_extralarge bt_bb_align_inherit\" style=\"max-width: 870px;\" data-bt-override-class=\"{&quot;bt_bb_size_&quot;:{&quot;current_class&quot;:&quot;bt_bb_size_extralarge&quot;,&quot;xxl&quot;:&quot;extralarge&quot;,&quot;xl&quot;:&quot;extralarge&quot;,&quot;lg&quot;:&quot;large&quot;,&quot;md&quot;:&quot;normal&quot;,&quot;sm&quot;:&quot;normal&quot;,&quot;xs&quot;:&quot;normal&quot;},&quot;bt_bb_align_&quot;:{&quot;current_class&quot;:&quot;bt_bb_align_inherit&quot;,&quot;xxl&quot;:&quot;inherit&quot;}}\"><h1 class=\"bt_bb_headline_tag\"><span class=\"bt_bb_headline_superheadline\">Ovidiu Predescu<\/span><span class=\"bt_bb_headline_content\"><span>First Vice-President of the Union of Jurists of Romania<\/span><\/span><\/h1><\/header><\/div><\/div><\/div><\/div><div class=\"bt_bb_separator bt_bb_border_style_none bt_bb_bottom_spacing_medium\" data-bt-override-class=\"null\"><\/div><\/div><\/div><div class=\"bt_bb_content_slider_item\"><div class=\"bt_bb_content_slider_item_content content\"><div class=\"bt_bb_separator bt_bb_border_style_none bt_bb_bottom_spacing_medium\" data-bt-override-class=\"null\"><\/div><div class=\"bt_bb_row_wrapper\"><div  class=\"bt_bb_row_inner\"  data-bt-override-class=\"{}\"><div  class=\"bt_bb_column_inner col-xl-12 bt_bb_align_left bt_bb_vertical_align_top bt_bb_padding_normal bt_bb_animation_fade_in bt_bb_animation_move_up animate\"  data-width=\"12\" data-bt-override-class=\"{}\"><div class=\"bt_bb_column_inner_content\"><header data-bb-version=\"4.7.6\" class=\"bt_bb_headline bt_bb_subheadline_text_transform_default bt_bb_dash_none bt_bb_superheadline bt_bb_size_extralarge bt_bb_align_inherit\" style=\"max-width: 870px;\" data-bt-override-class=\"{&quot;bt_bb_size_&quot;:{&quot;current_class&quot;:&quot;bt_bb_size_extralarge&quot;,&quot;xxl&quot;:&quot;extralarge&quot;,&quot;xl&quot;:&quot;extralarge&quot;,&quot;lg&quot;:&quot;large&quot;,&quot;md&quot;:&quot;normal&quot;,&quot;sm&quot;:&quot;normal&quot;,&quot;xs&quot;:&quot;normal&quot;},&quot;bt_bb_align_&quot;:{&quot;current_class&quot;:&quot;bt_bb_align_inherit&quot;,&quot;xxl&quot;:&quot;inherit&quot;}}\"><h1 class=\"bt_bb_headline_tag\"><span class=\"bt_bb_headline_superheadline\">Ovidiu Predescu<\/span><span class=\"bt_bb_headline_content\"><span>Honorary Scientific Researcher at the \"Acad. Andrei R\u0103dulescu\" Legal Research Institute of the Romanian Academy<\/span><\/span><\/h1><\/header><\/div><\/div><\/div><\/div><div class=\"bt_bb_separator bt_bb_border_style_none bt_bb_bottom_spacing_medium\" data-bt-override-class=\"null\"><\/div><\/div><\/div><div class=\"bt_bb_content_slider_item\"><div class=\"bt_bb_content_slider_item_content content\"><div class=\"bt_bb_separator bt_bb_border_style_none bt_bb_bottom_spacing_medium\" data-bt-override-class=\"null\"><\/div><div class=\"bt_bb_row_wrapper\"><div  class=\"bt_bb_row_inner\"  data-bt-override-class=\"{}\"><div  class=\"bt_bb_column_inner col-xl-12 bt_bb_align_left bt_bb_vertical_align_top bt_bb_padding_normal bt_bb_animation_fade_in bt_bb_animation_move_up animate\"  data-width=\"12\" data-bt-override-class=\"{}\"><div class=\"bt_bb_column_inner_content\"><header data-bb-version=\"4.7.6\" class=\"bt_bb_headline bt_bb_subheadline_text_transform_default bt_bb_dash_none bt_bb_superheadline bt_bb_size_extralarge bt_bb_align_inherit\" style=\"max-width: 870px;\" data-bt-override-class=\"{&quot;bt_bb_size_&quot;:{&quot;current_class&quot;:&quot;bt_bb_size_extralarge&quot;,&quot;xxl&quot;:&quot;extralarge&quot;,&quot;xl&quot;:&quot;extralarge&quot;,&quot;lg&quot;:&quot;large&quot;,&quot;md&quot;:&quot;normal&quot;,&quot;sm&quot;:&quot;normal&quot;,&quot;xs&quot;:&quot;normal&quot;},&quot;bt_bb_align_&quot;:{&quot;current_class&quot;:&quot;bt_bb_align_inherit&quot;,&quot;xxl&quot;:&quot;inherit&quot;}}\"><h1 class=\"bt_bb_headline_tag\"><span class=\"bt_bb_headline_superheadline\">Ovidiu Predescu<\/span><span class=\"bt_bb_headline_content\"><span>Honorary Member of the Diplomatic Academy in London, and the Founding Director of the \"Dreptul\" publications<\/span><\/span><\/h1><\/header><\/div><\/div><\/div><\/div><div class=\"bt_bb_separator bt_bb_border_style_none bt_bb_bottom_spacing_medium\" data-bt-override-class=\"null\"><\/div><\/div><\/div><div class=\"bt_bb_content_slider_item\"><div class=\"bt_bb_content_slider_item_content content\"><div class=\"bt_bb_separator bt_bb_border_style_none bt_bb_bottom_spacing_medium\" data-bt-override-class=\"null\"><\/div><div class=\"bt_bb_row_wrapper\"><div  class=\"bt_bb_row_inner\"  data-bt-override-class=\"{}\"><div  class=\"bt_bb_column_inner col-xl-12 bt_bb_align_left bt_bb_vertical_align_top bt_bb_padding_normal bt_bb_animation_fade_in bt_bb_animation_move_up animate\"  data-width=\"12\" data-bt-override-class=\"{}\"><div class=\"bt_bb_column_inner_content\"><header data-bb-version=\"4.7.6\" class=\"bt_bb_headline bt_bb_subheadline_text_transform_default bt_bb_dash_none bt_bb_superheadline bt_bb_size_extralarge bt_bb_align_inherit\" style=\"max-width: 870px;\" data-bt-override-class=\"{&quot;bt_bb_size_&quot;:{&quot;current_class&quot;:&quot;bt_bb_size_extralarge&quot;,&quot;xxl&quot;:&quot;extralarge&quot;,&quot;xl&quot;:&quot;extralarge&quot;,&quot;lg&quot;:&quot;large&quot;,&quot;md&quot;:&quot;normal&quot;,&quot;sm&quot;:&quot;normal&quot;,&quot;xs&quot;:&quot;normal&quot;},&quot;bt_bb_align_&quot;:{&quot;current_class&quot;:&quot;bt_bb_align_inherit&quot;,&quot;xxl&quot;:&quot;inherit&quot;}}\"><h1 class=\"bt_bb_headline_tag\"><span class=\"bt_bb_headline_superheadline\">Ovidiu Predescu<\/span><span class=\"bt_bb_headline_content\"><span>General Secretary of the Academy of Legal Sciences of Romania<\/span><\/span><\/h1><\/header><\/div><\/div><\/div><\/div><div class=\"bt_bb_separator bt_bb_border_style_none bt_bb_bottom_spacing_medium\" data-bt-override-class=\"null\"><\/div><\/div><\/div><\/div><\/div><\/div><\/div><\/div><\/div><\/div><\/div><!-- cell_inner --><\/div><!-- cell --><\/div><!-- port --><\/section><section data-bb-version=\"4.7.6\" id=\"bt_bb_section6a05d819452bb\" class=\"bt_bb_section bt_bb_layout_boxed_1400 bt_bb_vertical_align_top bt_bb_top_spacing_ bt_bb_bottom_spacing_ bt_bb_negative_margin_large\"  data-bt-override-class=\"{&quot;bt_bb_top_spacing_&quot;:{&quot;current_class&quot;:&quot;bt_bb_top_spacing_&quot;,&quot;xxl&quot;:&quot;&quot;},&quot;bt_bb_bottom_spacing_&quot;:{&quot;current_class&quot;:&quot;bt_bb_bottom_spacing_&quot;,&quot;xxl&quot;:&quot;&quot;}}\"><div class=\"bt_bb_port\"><div class=\"bt_bb_cell\"><div class=\"bt_bb_cell_inner\"><div data-bb-version=\"4.7.6\" class=\"bt_bb_row_wrapper\"><div  class=\"bt_bb_row\"  data-bt-override-class=\"{}\"><div data-bb-version=\"4.7.6\"  class=\"bt_bb_column col-xl-6 bt_bb_align_left bt_bb_padding_normal bt_bb_hidden_xs bt_bb_hidden_ms bt_bb_hidden_sm\"  data-width=\"6\" data-bt-override-class=\"{&quot;bt_bb_align_&quot;:{&quot;current_class&quot;:&quot;bt_bb_align_left&quot;,&quot;xxl&quot;:&quot;left&quot;},&quot;bt_bb_padding_&quot;:{&quot;current_class&quot;:&quot;bt_bb_padding_normal&quot;,&quot;xxl&quot;:&quot;normal&quot;}}\"><div class=\"bt_bb_column_content bt_bb_vertical_align_top bt_bb_color_scheme_ btLazyLoadBackground bt_bb_column_background_image\" style=\"background-image:url(&#039;https:\/\/lexurehub.com\/wp-content\/plugins\/bold-page-builder\/img\/blank.gif&#039;);\" data-background_image_src='https:\/\/lexurehub.com\/wp-content\/uploads\/2023\/12\/Predescu-bw.jpg'><div class=\"bt_bb_column_content_inner\"><\/div><\/div><\/div><div data-bb-version=\"4.7.6\"  class=\"bt_bb_column col-xl-6 btWithIcon bt_bb_align_left bt_bb_icon_color_scheme_6 bt_bb_padding_normal bt_bb_animation_fade_in animate\" style=\"; --column-icon-primary-color:#ffffff; --column-icon-secondary-color:#1e4c67;\" data-width=\"6\" data-bt-override-class=\"{&quot;bt_bb_align_&quot;:{&quot;current_class&quot;:&quot;bt_bb_align_left&quot;,&quot;xxl&quot;:&quot;left&quot;},&quot;bt_bb_padding_&quot;:{&quot;current_class&quot;:&quot;bt_bb_padding_normal&quot;,&quot;xxl&quot;:&quot;normal&quot;}}\"><div class=\"bt_bb_column_content bt_bb_vertical_align_top bt_bb_color_scheme_\"><div class=\"bt_bb_column_icon\"><span  data-ico-icon7stroke=\"&#xe68f;\" class=\"bt_bb_icon_holder\"><\/span><\/div><div class=\"bt_bb_column_content_inner\"><header data-bb-version=\"4.7.6\" class=\"bt_bb_headline bt_bb_subheadline_text_transform_default bt_bb_color_scheme_14 bt_bb_dash_none bt_bb_size_medium bt_bb_align_inherit\" style=\"; --primary-color:#2a2933; --secondary-color:#1e4c67;\" data-bt-override-class=\"{&quot;bt_bb_size_&quot;:{&quot;current_class&quot;:&quot;bt_bb_size_medium&quot;,&quot;xxl&quot;:&quot;medium&quot;},&quot;bt_bb_align_&quot;:{&quot;current_class&quot;:&quot;bt_bb_align_inherit&quot;,&quot;xxl&quot;:&quot;inherit&quot;}}\"><h3 class=\"bt_bb_headline_tag\"><span class=\"bt_bb_headline_content\"><span>OVIDIU PREDESCU<\/span><\/span><\/h3><\/header><header data-bb-version=\"4.8.4\" class=\"bt_bb_headline bt_bb_subheadline_text_transform_default bt_bb_color_scheme_5 bt_bb_dash_none bt_bb_superheadline bt_bb_size_normal bt_bb_align_inherit btNoHeadline\" style=\"; --primary-color:#191919; --secondary-color:#1e4c67;\" data-bt-override-class=\"{&quot;bt_bb_size_&quot;:{&quot;current_class&quot;:&quot;bt_bb_size_normal&quot;,&quot;xxl&quot;:&quot;normal&quot;},&quot;bt_bb_align_&quot;:{&quot;current_class&quot;:&quot;bt_bb_align_inherit&quot;,&quot;xxl&quot;:&quot;inherit&quot;}}\"><h4 class=\"bt_bb_headline_tag\"><span class=\"bt_bb_headline_superheadline\">PROF. UNIV. DR.<\/span><\/h4><\/header><div class=\"bt_bb_separator bt_bb_border_style_solid bt_bb_top_spacing_normal bt_bb_bottom_spacing_normal bt_bb_color_dark\" data-bt-override-class=\"null\"><\/div><div data-bb-version=\"4.8.4\" class=\"bt_bb_image bt_bb_shape_square bt_bb_target_self bt_bb_align_center bt_bb_hover_style_simple bt_bb_content_display_always bt_bb_content_align_middle bt_bb_hidden_md bt_bb_hidden_lg bt_bb_hidden_xl\" style=\"height:400; overflow: hidden;\" data-bt-override-class=\"{&quot;bt_bb_align_&quot;:{&quot;current_class&quot;:&quot;bt_bb_align_center&quot;,&quot;xxl&quot;:&quot;center&quot;},&quot;bt_bb_content_display_&quot;:{&quot;current_class&quot;:&quot;bt_bb_content_display_always&quot;,&quot;xxl&quot;:&quot;always&quot;}}\"><span><img loading=\"lazy\" decoding=\"async\" width=\"533\" height=\"800\" src=\"https:\/\/lexurehub.com\/wp-content\/uploads\/2023\/12\/Predescu-bw.jpg\" class=\"attachment-full size-full\" alt=\"https:\/\/lexurehub.com\/wp-content\/uploads\/2023\/12\/Predescu-bw.jpg\" data-full_image_src=\"https:\/\/lexurehub.com\/wp-content\/uploads\/2023\/12\/Predescu-bw.jpg\" title=\"Predescu bw\" srcset=\"https:\/\/lexurehub.com\/wp-content\/uploads\/2023\/12\/Predescu-bw.jpg 533w, https:\/\/lexurehub.com\/wp-content\/uploads\/2023\/12\/Predescu-bw-320x480.jpg 320w\" sizes=\"auto, (max-width: 533px) 100vw, 533px\" \/><\/span><\/div><div  class=\"bt_bb_text\" ><p>Prof. Univ. Dr. H.C. Ovidiu Predescu serves as the First Vice-President of the Union of Jurists of Romania, an Honorary Scientific Researcher at the \"Acad. Andrei R\u0103dulescu\" Legal Research Institute of the Romanian Academy, an Honorary Member of the Diplomatic Academy in London, and the Founding Director of the \"Dreptul\" publications, as well as the General Secretary of the Academy of Legal Sciences of Romania.<\/p>\n<p>Prof. Univ. Dr. H.C. Ovidiu Predescu has been a faculty member at several law schools in Bucharest and Bra\u0219ov, a lecturer and professor at the National School of Political Studies and Public Administration in the capital, and the Rector of the \"George Bari\u021biu\" University in Bra\u0219ov. Furthermore, Prof. Univ. Dr. H.C. Ovidiu Predescu is an Honorary Doctorate recipient from the \"Dun\u0103rea de Jos\" University in Gala\u021bi, the Law Faculty of the University of Oradea, and the \"\u0218tefan cel Mare\" University in Suceava. A peerless jurist, he is one of the foremost doctrinaires of Romanian law. His book \"Business Criminal Law,\" of which he is the author, was considered the first work in this field written in Romania, a pioneering volume in the study of law.<\/p>\n<p>Over time, he has published, either as the sole author or in collaboration, over 30 law books (treatises, monographs, courses, manuals), primarily the fruit of his experiences as a magistrate, university professor, and scientific researcher, as well as an editor of legal publications. He is also the author of over 100 studies and articles, particularly in the field of criminal law and human rights. He has received numerous awards from prestigious national and international bodies, including the \"Nicolae Titulescu\" prize of the Romanian Academy on December 18, 2008; the \"Simion B\u0103rnu\u021biu\" prize of the Romanian Academy; and the 2010 Vintil\u0103 Dongoroz prize of the Union of Jurists of Romania.<\/p>\n<p>Prof. Univ. Dr. H.C. Ovidiu Predescu is also the author of several works of fiction, among which the volume \"In the Shadow of Thought \u2013 About Man and the Meaning of His Existence\" has become a well-regarded and sought-after book among writers and legal professionals.<\/p>\n<\/div><\/div><\/div><\/div><\/div><\/div><\/div><!-- cell_inner --><\/div><!-- cell --><\/div><!-- port --><\/section>","protected":false},"excerpt":{"rendered":"","protected":false},"author":1,"featured_media":0,"parent":0,"menu_order":0,"comment_status":"closed","ping_status":"closed","template":"","meta":{"footnotes":""},"class_list":["post-4953","page","type-page","status-publish","hentry"],"yoast_head":"<!-- This site is optimized with the Yoast SEO plugin v22.1 - https:\/\/yoast.com\/wordpress\/plugins\/seo\/ -->\n<title>Ovidiu Predescu ~ Lexure<\/title>\n<meta name=\"description\" content=\"Prof. univ. dr. h. c. Ovidiu Predescu este prim-vicepre\u0219edinte al Uniunii Juri\u0219tilor din Rom\u00e2nia, cercet\u0103tor \u015ftiin\u0163ific de onoare al Institutului de Cercet\u0103ri Juridice \u201eAcad. Andrei R\u0103dulescu\u201d al Academiei Rom\u00e2ne, membru de onoare al Academiei Diplomatice din Londra \u0219i director fondator al publica\u021biilor \u201eDreptul\u201d, precum \u0219i secretar general al Academiei de \u0218tiin\u021be Juridice din Rom\u00e2nia.\" \/>\n<meta name=\"robots\" content=\"index, follow, max-snippet:-1, max-image-preview:large, max-video-preview:-1\" \/>\n<link rel=\"canonical\" href=\"https:\/\/lexurehub.com\/en\/ovidiu-predescu\/\" \/>\n<meta property=\"og:locale\" content=\"en_GB\" \/>\n<meta property=\"og:type\" content=\"article\" \/>\n<meta property=\"og:title\" content=\"Prof. univ. habil. dr. Ovidiu Predescu\" \/>\n<meta property=\"og:description\" content=\"Prof. univ. dr. h. c. Ovidiu Predescu este prim-vicepre\u0219edinte al Uniunii Juri\u0219tilor din Rom\u00e2nia, cercet\u0103tor \u015ftiin\u0163ific de onoare al Institutului de Cercet\u0103ri Juridice \u201eAcad. Andrei R\u0103dulescu\u201d al Academiei Rom\u00e2ne, membru de onoare al Academiei Diplomatice din Londra \u0219i director fondator al publica\u021biilor \u201eDreptul\u201d, precum \u0219i secretar general al Academiei de \u0218tiin\u021be Juridice din Rom\u00e2nia.\" \/>\n<meta property=\"og:url\" content=\"https:\/\/lexurehub.com\/en\/ovidiu-predescu\/\" \/>\n<meta property=\"og:site_name\" content=\"Lexure\" \/>\n<meta property=\"article:modified_time\" content=\"2024-03-02T08:41:07+00:00\" \/>\n<meta property=\"og:image\" content=\"https:\/\/lexurehub.com\/wp-content\/uploads\/Predescu_1.jpg\" \/>\n\t<meta property=\"og:image:width\" content=\"1200\" \/>\n\t<meta property=\"og:image:height\" content=\"675\" \/>\n\t<meta property=\"og:image:type\" content=\"image\/jpeg\" \/>\n<meta name=\"twitter:card\" content=\"summary_large_image\" \/>\n<meta name=\"twitter:label1\" content=\"Estimated reading time\" \/>\n\t<meta name=\"twitter:data1\" content=\"5 minutes\" \/>\n<script type=\"application\/ld+json\" class=\"yoast-schema-graph\">{\"@context\":\"https:\/\/schema.org\",\"@graph\":[{\"@type\":\"WebPage\",\"@id\":\"https:\/\/lexurehub.com\/ovidiu-predescu\/\",\"url\":\"https:\/\/lexurehub.com\/ovidiu-predescu\/\",\"name\":\"Ovidiu Predescu ~ Lexure\",\"isPartOf\":{\"@id\":\"https:\/\/lexurehub.com\/#website\"},\"datePublished\":\"2024-01-28T18:09:26+00:00\",\"dateModified\":\"2024-03-02T08:41:07+00:00\",\"description\":\"Prof. univ. dr. h. c. Ovidiu Predescu este prim-vicepre\u0219edinte al Uniunii Juri\u0219tilor din Rom\u00e2nia, cercet\u0103tor \u015ftiin\u0163ific de onoare al Institutului de Cercet\u0103ri Juridice \u201eAcad. Andrei R\u0103dulescu\u201d al Academiei Rom\u00e2ne, membru de onoare al Academiei Diplomatice din Londra \u0219i director fondator al publica\u021biilor \u201eDreptul\u201d, precum \u0219i secretar general al Academiei de \u0218tiin\u021be Juridice din Rom\u00e2nia.\",\"breadcrumb\":{\"@id\":\"https:\/\/lexurehub.com\/ovidiu-predescu\/#breadcrumb\"},\"inLanguage\":\"en-GB\",\"potentialAction\":[{\"@type\":\"ReadAction\",\"target\":[\"https:\/\/lexurehub.com\/ovidiu-predescu\/\"]}]},{\"@type\":\"BreadcrumbList\",\"@id\":\"https:\/\/lexurehub.com\/ovidiu-predescu\/#breadcrumb\",\"itemListElement\":[{\"@type\":\"ListItem\",\"position\":1,\"name\":\"Lexure\",\"item\":\"https:\/\/lexurehub.com\/\"},{\"@type\":\"ListItem\",\"position\":2,\"name\":\"Ovidiu Predescu\"}]},{\"@type\":\"WebSite\",\"@id\":\"https:\/\/lexurehub.com\/#website\",\"url\":\"https:\/\/lexurehub.com\/\",\"name\":\"Lexure\",\"description\":\"\",\"publisher\":{\"@id\":\"https:\/\/lexurehub.com\/#organization\"},\"potentialAction\":[{\"@type\":\"SearchAction\",\"target\":{\"@type\":\"EntryPoint\",\"urlTemplate\":\"https:\/\/lexurehub.com\/?s={search_term_string}\"},\"query-input\":\"required name=search_term_string\"}],\"inLanguage\":\"en-GB\"},{\"@type\":\"Organization\",\"@id\":\"https:\/\/lexurehub.com\/#organization\",\"name\":\"Lexure\",\"url\":\"https:\/\/lexurehub.com\/\",\"logo\":{\"@type\":\"ImageObject\",\"inLanguage\":\"en-GB\",\"@id\":\"https:\/\/lexurehub.com\/#\/schema\/logo\/image\/\",\"url\":\"https:\/\/lexurehub.com\/wp-content\/uploads\/2023\/12\/Lexure-negru.png\",\"contentUrl\":\"https:\/\/lexurehub.com\/wp-content\/uploads\/2023\/12\/Lexure-negru.png\",\"width\":300,\"height\":120,\"caption\":\"Lexure\"},\"image\":{\"@id\":\"https:\/\/lexurehub.com\/#\/schema\/logo\/image\/\"}}]}<\/script>\n<!-- \/ Yoast SEO plugin. -->","yoast_head_json":{"title":"Ovidiu Predescu ~ Lexure","description":"Prof. univ. dr. h. c. Ovidiu Predescu este prim-vicepre\u0219edinte al Uniunii Juri\u0219tilor din Rom\u00e2nia, cercet\u0103tor \u015ftiin\u0163ific de onoare al Institutului de Cercet\u0103ri Juridice \u201eAcad. Andrei R\u0103dulescu\u201d al Academiei Rom\u00e2ne, membru de onoare al Academiei Diplomatice din Londra \u0219i director fondator al publica\u021biilor \u201eDreptul\u201d, precum \u0219i secretar general al Academiei de \u0218tiin\u021be Juridice din Rom\u00e2nia.","robots":{"index":"index","follow":"follow","max-snippet":"max-snippet:-1","max-image-preview":"max-image-preview:large","max-video-preview":"max-video-preview:-1"},"canonical":"https:\/\/lexurehub.com\/en\/ovidiu-predescu\/","og_locale":"en_GB","og_type":"article","og_title":"Prof. univ. habil. dr. Ovidiu Predescu","og_description":"Prof. univ. dr. h. c. Ovidiu Predescu este prim-vicepre\u0219edinte al Uniunii Juri\u0219tilor din Rom\u00e2nia, cercet\u0103tor \u015ftiin\u0163ific de onoare al Institutului de Cercet\u0103ri Juridice \u201eAcad. Andrei R\u0103dulescu\u201d al Academiei Rom\u00e2ne, membru de onoare al Academiei Diplomatice din Londra \u0219i director fondator al publica\u021biilor \u201eDreptul\u201d, precum \u0219i secretar general al Academiei de \u0218tiin\u021be Juridice din Rom\u00e2nia.","og_url":"https:\/\/lexurehub.com\/en\/ovidiu-predescu\/","og_site_name":"Lexure","article_modified_time":"2024-03-02T08:41:07+00:00","og_image":[{"width":1200,"height":675,"url":"https:\/\/lexurehub.com\/wp-content\/uploads\/Predescu_1.jpg","type":"image\/jpeg"}],"twitter_card":"summary_large_image","twitter_misc":{"Estimated reading time":"5 minutes"},"schema":{"@context":"https:\/\/schema.org","@graph":[{"@type":"WebPage","@id":"https:\/\/lexurehub.com\/ovidiu-predescu\/","url":"https:\/\/lexurehub.com\/ovidiu-predescu\/","name":"Ovidiu Predescu ~ Lexure","isPartOf":{"@id":"https:\/\/lexurehub.com\/#website"},"datePublished":"2024-01-28T18:09:26+00:00","dateModified":"2024-03-02T08:41:07+00:00","description":"Prof. univ. dr. h. c. Ovidiu Predescu este prim-vicepre\u0219edinte al Uniunii Juri\u0219tilor din Rom\u00e2nia, cercet\u0103tor \u015ftiin\u0163ific de onoare al Institutului de Cercet\u0103ri Juridice \u201eAcad. Andrei R\u0103dulescu\u201d al Academiei Rom\u00e2ne, membru de onoare al Academiei Diplomatice din Londra \u0219i director fondator al publica\u021biilor \u201eDreptul\u201d, precum \u0219i secretar general al Academiei de \u0218tiin\u021be Juridice din Rom\u00e2nia.","breadcrumb":{"@id":"https:\/\/lexurehub.com\/ovidiu-predescu\/#breadcrumb"},"inLanguage":"en-GB","potentialAction":[{"@type":"ReadAction","target":["https:\/\/lexurehub.com\/ovidiu-predescu\/"]}]},{"@type":"BreadcrumbList","@id":"https:\/\/lexurehub.com\/ovidiu-predescu\/#breadcrumb","itemListElement":[{"@type":"ListItem","position":1,"name":"Lexure","item":"https:\/\/lexurehub.com\/"},{"@type":"ListItem","position":2,"name":"Ovidiu Predescu"}]},{"@type":"WebSite","@id":"https:\/\/lexurehub.com\/#website","url":"https:\/\/lexurehub.com\/","name":"Lexure","description":"","publisher":{"@id":"https:\/\/lexurehub.com\/#organization"},"potentialAction":[{"@type":"SearchAction","target":{"@type":"EntryPoint","urlTemplate":"https:\/\/lexurehub.com\/?s={search_term_string}"},"query-input":"required name=search_term_string"}],"inLanguage":"en-GB"},{"@type":"Organization","@id":"https:\/\/lexurehub.com\/#organization","name":"Lexure","url":"https:\/\/lexurehub.com\/","logo":{"@type":"ImageObject","inLanguage":"en-GB","@id":"https:\/\/lexurehub.com\/#\/schema\/logo\/image\/","url":"https:\/\/lexurehub.com\/wp-content\/uploads\/2023\/12\/Lexure-negru.png","contentUrl":"https:\/\/lexurehub.com\/wp-content\/uploads\/2023\/12\/Lexure-negru.png","width":300,"height":120,"caption":"Lexure"},"image":{"@id":"https:\/\/lexurehub.com\/#\/schema\/logo\/image\/"}}]}},"_links":{"self":[{"href":"https:\/\/lexurehub.com\/en\/wp-json\/wp\/v2\/pages\/4953","targetHints":{"allow":["GET"]}}],"collection":[{"href":"https:\/\/lexurehub.com\/en\/wp-json\/wp\/v2\/pages"}],"about":[{"href":"https:\/\/lexurehub.com\/en\/wp-json\/wp\/v2\/types\/page"}],"author":[{"embeddable":true,"href":"https:\/\/lexurehub.com\/en\/wp-json\/wp\/v2\/users\/1"}],"replies":[{"embeddable":true,"href":"https:\/\/lexurehub.com\/en\/wp-json\/wp\/v2\/comments?post=4953"}],"version-history":[{"count":6,"href":"https:\/\/lexurehub.com\/en\/wp-json\/wp\/v2\/pages\/4953\/revisions"}],"predecessor-version":[{"id":5093,"href":"https:\/\/lexurehub.com\/en\/wp-json\/wp\/v2\/pages\/4953\/revisions\/5093"}],"wp:attachment":[{"href":"https:\/\/lexurehub.com\/en\/wp-json\/wp\/v2\/media?parent=4953"}],"curies":[{"name":"wp","href":"https:\/\/api.w.org\/{rel}","templated":true}]}}